{"id":326,"date":"2024-04-25T01:51:12","date_gmt":"2024-04-25T01:51:12","guid":{"rendered":"https:\/\/kpmedicalsupply.com\/?post_type=product&#038;p=326"},"modified":"2024-04-30T09:57:11","modified_gmt":"2024-04-30T09:57:11","slug":"dona-18","status":"publish","type":"product","link":"https:\/\/kpmedicalsupply.com\/?product=dona-18","title":{"rendered":"DONA 18&#8243;"},"content":{"rendered":"<p>COJIN INFLABLE CON ABERTURA EN EL MEDIO DISE\u00d1ADA PARA REDUCIR LA PRESI\u00d3N EN LAS \u00c1REAS SENSIBLES CUANDO SE EST\u00c1 SENTADO. ALIVIA EL DOLOR EN EL COXIS, HEMORROIDES Y MOLESTIAS POSTERIORES A LA CIRUG\u00cdA.<\/p>\n","protected":false},"excerpt":{"rendered":"<p>DONA \/ COJIN OVALADO<\/p>\n","protected":false},"featured_media":520,"comment_status":"closed","ping_status":"closed","template":"","meta":[],"product_brand":[],"product_cat":[22],"product_tag":[],"class_list":{"0":"post-326","1":"product","2":"type-product","3":"status-publish","4":"has-post-thumbnail","6":"product_cat-mobility","8":"first","9":"outofstock","10":"shipping-taxable","11":"product-type-simple"},"_links":{"self":[{"href":"https:\/\/kpmedicalsupply.com\/index.php?rest_route=\/wp\/v2\/product\/326","targetHints":{"allow":["GET"]}}],"collection":[{"href":"https:\/\/kpmedicalsupply.com\/index.php?rest_route=\/wp\/v2\/product"}],"about":[{"href":"https:\/\/kpmedicalsupply.com\/index.php?rest_route=\/wp\/v2\/types\/product"}],"replies":[{"embeddable":true,"href":"https:\/\/kpmedicalsupply.com\/index.php?rest_route=%2Fwp%2Fv2%2Fcomments&post=326"}],"wp:featuredmedia":[{"embeddable":true,"href":"https:\/\/kpmedicalsupply.com\/index.php?rest_route=\/wp\/v2\/media\/520"}],"wp:attachment":[{"href":"https:\/\/kpmedicalsupply.com\/index.php?rest_route=%2Fwp%2Fv2%2Fmedia&parent=326"}],"wp:term":[{"taxonomy":"product_brand","embeddable":true,"href":"https:\/\/kpmedicalsupply.com\/index.php?rest_route=%2Fwp%2Fv2%2Fproduct_brand&post=326"},{"taxonomy":"product_cat","embeddable":true,"href":"https:\/\/kpmedicalsupply.com\/index.php?rest_route=%2Fwp%2Fv2%2Fproduct_cat&post=326"},{"taxonomy":"product_tag","embeddable":true,"href":"https:\/\/kpmedicalsupply.com\/index.php?rest_route=%2Fwp%2Fv2%2Fproduct_tag&post=326"}],"curies":[{"name":"wp","href":"https:\/\/api.w.org\/{rel}","templated":true}]}}