{"id":371,"date":"2024-04-25T01:51:18","date_gmt":"2024-04-25T01:51:18","guid":{"rendered":"https:\/\/kpmedicalsupply.com\/?post_type=product&#038;p=371"},"modified":"2024-04-30T10:06:29","modified_gmt":"2024-04-30T10:06:29","slug":"nebulizador-portatil","status":"publish","type":"product","link":"https:\/\/kpmedicalsupply.com\/?product=nebulizador-portatil","title":{"rendered":"NEBULIZADOR PORT\u00c1TIL"},"content":{"rendered":"<p>DISPOSITIVO PORT\u00c1TIL PARA USAR EN VIAJES O POR FALTA DE LUZ. CONVIERTE EL MEDICAMENTO L\u00cdQUIDO EN VAPOR. SE INHALA A TRAV\u00c9S DE UNA BOQUILLA O MASCARILLA. ADMINISTRA EL MEDICAMENTO DIRECTAMENTE A LOS PULMONES Y AL SISTEMA RESPIRATORIO.<\/p>\n","protected":false},"excerpt":{"rendered":"<p>NEBULIZADOR PORT\u00c1TIL<\/p>\n","protected":false},"featured_media":540,"comment_status":"closed","ping_status":"closed","template":"","meta":[],"product_brand":[],"product_cat":[24],"product_tag":[],"class_list":{"0":"post-371","1":"product","2":"type-product","3":"status-publish","4":"has-post-thumbnail","6":"product_cat-apnea-respiratorio","8":"first","9":"instock","10":"shipping-taxable","11":"purchasable","12":"product-type-simple"},"_links":{"self":[{"href":"https:\/\/kpmedicalsupply.com\/index.php?rest_route=\/wp\/v2\/product\/371","targetHints":{"allow":["GET"]}}],"collection":[{"href":"https:\/\/kpmedicalsupply.com\/index.php?rest_route=\/wp\/v2\/product"}],"about":[{"href":"https:\/\/kpmedicalsupply.com\/index.php?rest_route=\/wp\/v2\/types\/product"}],"replies":[{"embeddable":true,"href":"https:\/\/kpmedicalsupply.com\/index.php?rest_route=%2Fwp%2Fv2%2Fcomments&post=371"}],"wp:featuredmedia":[{"embeddable":true,"href":"https:\/\/kpmedicalsupply.com\/index.php?rest_route=\/wp\/v2\/media\/540"}],"wp:attachment":[{"href":"https:\/\/kpmedicalsupply.com\/index.php?rest_route=%2Fwp%2Fv2%2Fmedia&parent=371"}],"wp:term":[{"taxonomy":"product_brand","embeddable":true,"href":"https:\/\/kpmedicalsupply.com\/index.php?rest_route=%2Fwp%2Fv2%2Fproduct_brand&post=371"},{"taxonomy":"product_cat","embeddable":true,"href":"https:\/\/kpmedicalsupply.com\/index.php?rest_route=%2Fwp%2Fv2%2Fproduct_cat&post=371"},{"taxonomy":"product_tag","embeddable":true,"href":"https:\/\/kpmedicalsupply.com\/index.php?rest_route=%2Fwp%2Fv2%2Fproduct_tag&post=371"}],"curies":[{"name":"wp","href":"https:\/\/api.w.org\/{rel}","templated":true}]}}